{"id":1158,"date":"2016-08-24T07:42:02","date_gmt":"2016-08-24T07:42:02","guid":{"rendered":"http:\/\/mszana.dukla.pl\/?page_id=1158"},"modified":"2019-09-06T10:00:08","modified_gmt":"2019-09-06T10:00:08","slug":"lista-uczestnikow-nordic-walking-iv-biegu-o-kwitnacy-kalosz-soltyski","status":"publish","type":"page","link":"https:\/\/mszana.dukla.pl\/?page_id=1158","title":{"rendered":"Lista uczestnik\u00f3w Nordic Walking VII Biegu \u201eO Kwitn\u0105cy Kalosz So\u0142tyski\u201d"},"content":{"rendered":"<p style=\"text-align: center;\"><strong>LISTA UCZESTNIK\u00d3W Nordic Walking<\/strong><\/p>\n<p style=\"text-align: center;\"><strong>VII BIEGU O \u201eKWITN\u0104CY KALOSZ SO\u0141TYSKI\u201d<\/strong><\/p>\n<p style=\"text-align: center;\"><strong>MSZANA<\/strong><br><strong>7 wrze\u015bnia 2019<\/strong><\/p>\n\n\n<table class=\"wp-block-table\"><tbody><tr><td><strong>Lp<\/strong><\/td><td><strong>Nazwiskio<\/strong><\/td><td><strong>Imi\u0119<\/strong><\/td><td><strong>Adres<\/strong><\/td><\/tr><tr><td>1<\/td><td>Bilik<\/td><td>Wojciech<\/td><td>Krosno<\/td><\/tr><tr><td>2<\/td><td>Krawczyk<\/td><td>Krzysztof<\/td><td>\u017beglce<\/td><\/tr><tr><td>3<\/td><td>Pasieka<\/td><td>Agnieszka<\/td><td>Ustrobna<\/td><\/tr><tr><td>4<\/td><td>Zych<\/td><td>Witold<\/td><td>Rogi<\/td><\/tr><tr><td>5<\/td><td>Stefa\u0144ska<\/td><td>Ma\u0142gorzata<\/td><td>Le\u017cajsk<\/td><\/tr><tr><td>6<\/td><td>Niemczyk<\/td><td>Bogus\u0142aw<\/td><td>Le\u017cajsk<\/td><\/tr><tr><td>7<\/td><td>W\u0119glarz<\/td><td>El\u017cbieta<\/td><td>Le\u017cajsk<\/td><\/tr><tr><td>8<\/td><td>Podubny<\/td><td>Les\u0142aw<\/td><td>Le\u017cajsk<\/td><\/tr><tr><td>9<\/td><td>Podubny<\/td><td>Krystyna<\/td><td>Le\u017cajsk<\/td><\/tr><tr><td>10<\/td><td>Moczarski<\/td><td>Miros\u0142aw<\/td><td>Le\u017cajsk<\/td><\/tr><tr><td>11<\/td><td>Latuszek<\/td><td>Ma\u0142gorzata<\/td><td>Le\u017cajsk<\/td><\/tr><tr><td>12<\/td><td>Latuszek<\/td><td>Bogdan<\/td><td>Le\u017cajsk<\/td><\/tr><tr><td>13<\/td><td>Lasoci\u0144ska<\/td><td>Ewa<\/td><td>Le\u017cajsk<\/td><\/tr><tr><td>14<\/td><td>Simko<\/td><td>Zbigniew<\/td><td>Le\u017cajsk<\/td><\/tr><tr><td>15<\/td><td>Pokrywka<\/td><td>Bo\u017cena<\/td><td>Le\u017cajsk<\/td><\/tr><tr><td>16<\/td><td>Trojan<\/td><td>El\u017cbieta<\/td><td>Le\u017cajsk<\/td><\/tr><tr><td>17<\/td><td>Bednarz<\/td><td>Lucyna<\/td><td>Le\u017cajsk<\/td><\/tr><tr><td>18<\/td><td>Ku\u017ama<\/td><td>El\u017cbieta<\/td><td>Le\u017cajsk<\/td><\/tr><tr><td>19<\/td><td>Ole\u015b-Ferfecka<\/td><td>Edyta<\/td><td>Ropczyce<\/td><\/tr><tr><td>20<\/td><td>Krawczyk<\/td><td>Jakub<\/td><td>Iwonicz<\/td><\/tr><tr><td>21<\/td><td>Pelczar<\/td><td>Beata<\/td><td>Kro\u015bcienko Wy\u017cne<\/td><\/tr><tr><td>22<\/td><td>Krawczyk<\/td><td>Ma\u0142gorzata<\/td><td>\u017beglce<\/td><\/tr><tr><td>23<\/td><td>Buczy\u0144ska<\/td><td>Agnieszka<\/td><td><\/td><\/tr><tr><td>24<\/td><td>Jarema<\/td><td>Magdalena<\/td><td>Krak\u00f3w<\/td><\/tr><tr><td>25<\/td><td>Dziubaszewska<\/td><td>Ewa<\/td><td>Ryman\u00f3w<\/td><\/tr><tr><td>26<\/td><td>Tomalski<\/td><td>Roman<\/td><td>Rzesz\u00f3w<\/td><\/tr><tr><td>27<\/td><td>Mazurek<\/td><td>Halina<\/td><td>Rzesz\u00f3w<\/td><\/tr><tr><td>28<\/td><td>Lorenc-Sawczuk<\/td><td>Agata<\/td><td>Rzesz\u00f3w<\/td><\/tr><tr><td>29<\/td><td>Sawczuk<\/td><td>Andrzej<\/td><td>Rzesz\u00f3w<\/td><\/tr><tr><td>30<\/td><td>Firlej<\/td><td>Jaros\u0142aw<\/td><td>Machn\u00f3wka<\/td><\/tr><tr><td>31<\/td><td>Fornal<\/td><td>Wioletta<\/td><td>Iwla<\/td><\/tr><tr><td>32<\/td><td>Pasierb<\/td><td>Marek<\/td><td>Rzesz\u00f3w<\/td><\/tr><tr><td>33<\/td><td>Zborowska<\/td><td>El\u017cbieta<\/td><td>Polany<\/td><\/tr><tr><td>34<\/td><td>Zborowska<\/td><td>Aleksandra<\/td><td>Polany<\/td><\/tr><tr><td>35<\/td><td>Zborowska<\/td><td>Alicja<\/td><td>Polany<\/td><\/tr><tr><td>36<\/td><td>Urban<\/td><td>Iwona<\/td><td>Kolbuszowa<\/td><\/tr><tr><td>37<\/td><td>Urban<\/td><td>Robert<\/td><td>Kolbuszowa<\/td><\/tr><tr><td>38<\/td><td>Skweres<\/td><td>Jakub<\/td><td>Krak\u00f3w<\/td><\/tr><tr><td>39<\/td><td>Maladyn<\/td><td>Anna<\/td><td>Rzesz\u00f3w<\/td><\/tr><tr><td>40<\/td><td>Ankes<\/td><td>Beata<\/td><td>Rzesz\u00f3w<\/td><\/tr><tr><td>41<\/td><td>Kramarz<\/td><td>Maria<\/td><td>Rzesz\u00f3w<\/td><\/tr><tr><td>42<\/td><td>Buzanowska<\/td><td>Anna<\/td><td>\u0141\u0119ki Dukielskie<\/td><\/tr><tr><td>43<\/td><td> Ma\u0142odobry<\/td><td> Andrzej<\/td><td> Kolbuszowa<\/td><\/tr><tr><td>44<\/td><td> Ma\u0142odobry<\/td><td> Wioletta<\/td><td> Kolbuszowa<\/td><\/tr><tr><td>45<\/td><td> Rze\u017anik<\/td><td> Aldona<\/td><td> Warka<\/td><\/tr><tr><td>46<\/td><td> Szuba<\/td><td> Dariusz<\/td><td> Przemy\u015bl<\/td><\/tr><tr><td>47<\/td><td> Bytnar<\/td><td> Marcel<\/td><td> Dukla<\/td><\/tr><tr><td>48<\/td><td>Patla<\/td><td>Piotr<\/td><td>Krosno<\/td><\/tr><\/tbody><\/table>\n\n\n\n<p><\/p>\n","protected":false},"excerpt":{"rendered":"<p>LISTA UCZESTNIK\u00d3W Nordic Walking VII BIEGU O \u201eKWITN\u0104CY KALOSZ SO\u0141TYSKI\u201d MSZANA7 wrze\u015bnia 2019 Lp Nazwiskio Imi\u0119 Adres 1 Bilik Wojciech Krosno 2 Krawczyk Krzysztof \u017beglce 3 Pasieka Agnieszka Ustrobna 4 Zych Witold Rogi 5 Stefa\u0144ska Ma\u0142gorzata Le\u017cajsk 6 Niemczyk Bogus\u0142aw Le\u017cajsk 7 W\u0119glarz El\u017cbieta Le\u017cajsk 8 Podubny Les\u0142aw Le\u017cajsk 9 Podubny Krystyna Le\u017cajsk 10 Moczarski [&hellip;]<\/p>\n","protected":false},"author":1,"featured_media":0,"parent":0,"menu_order":0,"comment_status":"closed","ping_status":"closed","template":"","meta":{"ngg_post_thumbnail":0,"footnotes":""},"class_list":["post-1158","page","type-page","status-publish","hentry"],"_links":{"self":[{"href":"https:\/\/mszana.dukla.pl\/index.php?rest_route=\/wp\/v2\/pages\/1158","targetHints":{"allow":["GET"]}}],"collection":[{"href":"https:\/\/mszana.dukla.pl\/index.php?rest_route=\/wp\/v2\/pages"}],"about":[{"href":"https:\/\/mszana.dukla.pl\/index.php?rest_route=\/wp\/v2\/types\/page"}],"author":[{"embeddable":true,"href":"https:\/\/mszana.dukla.pl\/index.php?rest_route=\/wp\/v2\/users\/1"}],"replies":[{"embeddable":true,"href":"https:\/\/mszana.dukla.pl\/index.php?rest_route=%2Fwp%2Fv2%2Fcomments&post=1158"}],"version-history":[{"count":57,"href":"https:\/\/mszana.dukla.pl\/index.php?rest_route=\/wp\/v2\/pages\/1158\/revisions"}],"predecessor-version":[{"id":1487,"href":"https:\/\/mszana.dukla.pl\/index.php?rest_route=\/wp\/v2\/pages\/1158\/revisions\/1487"}],"wp:attachment":[{"href":"https:\/\/mszana.dukla.pl\/index.php?rest_route=%2Fwp%2Fv2%2Fmedia&parent=1158"}],"curies":[{"name":"wp","href":"https:\/\/api.w.org\/{rel}","templated":true}]}}