{"id":404,"date":"2013-07-01T09:18:22","date_gmt":"2013-07-01T09:18:22","guid":{"rendered":"http:\/\/mszana.dukla.pl\/?page_id=404"},"modified":"2013-07-01T09:20:08","modified_gmt":"2013-07-01T09:20:08","slug":"teraz-my-kobiety-z-mszany","status":"publish","type":"page","link":"https:\/\/mszana.dukla.pl\/?page_id=404","title":{"rendered":"Teraz my kobiety z Mszany"},"content":{"rendered":"<h1>Aktualno\u015bci<\/h1>\n<ul class=\"lcp_catlist\" id=\"lcp_instance_0\"><li><a href=\"https:\/\/mszana.dukla.pl\/?p=541\">A po projekcie&#8230;<\/a><\/li><li><a href=\"https:\/\/mszana.dukla.pl\/?p=491\">A po projekcie&#8230;<\/a><\/li><li><a href=\"https:\/\/mszana.dukla.pl\/?p=474\">St\u00f3\u0142 z pyszno\u015bciami, czyli  zako\u0144czenie projektu w Maszanie<\/a><\/li><li><a href=\"https:\/\/mszana.dukla.pl\/?p=450\">Warsztaty kulinarne w ramach projektu &#8222;Teraz my&#8230;&#8221;<\/a><\/li><li><a href=\"https:\/\/mszana.dukla.pl\/?p=425\">Nast\u0119pny krok w projekcie &#8222;TERAZ MY KOBIETY Z MSZANY&#8221;<\/a><\/li><li><a href=\"https:\/\/mszana.dukla.pl\/?p=412\">Warsztaty gobeliniarskie zako\u0144czone<\/a><\/li><li><a href=\"https:\/\/mszana.dukla.pl\/?p=400\">Trwa projekt &#8222;Teraz my kobiety z Mszany&#8221;<\/a><\/li><li><a href=\"https:\/\/mszana.dukla.pl\/?p=393\">Rusza projekt pt. &#8222;TERAZ MY KOBIETY Z MSZANY&#8221;<\/a><\/li><\/ul>\n","protected":false},"excerpt":{"rendered":"<p>Aktualno\u015bci<\/p>\n","protected":false},"author":1,"featured_media":0,"parent":0,"menu_order":0,"comment_status":"closed","ping_status":"closed","template":"","meta":{"ngg_post_thumbnail":0,"footnotes":""},"class_list":["post-404","page","type-page","status-publish","hentry"],"_links":{"self":[{"href":"https:\/\/mszana.dukla.pl\/index.php?rest_route=\/wp\/v2\/pages\/404","targetHints":{"allow":["GET"]}}],"collection":[{"href":"https:\/\/mszana.dukla.pl\/index.php?rest_route=\/wp\/v2\/pages"}],"about":[{"href":"https:\/\/mszana.dukla.pl\/index.php?rest_route=\/wp\/v2\/types\/page"}],"author":[{"embeddable":true,"href":"https:\/\/mszana.dukla.pl\/index.php?rest_route=\/wp\/v2\/users\/1"}],"replies":[{"embeddable":true,"href":"https:\/\/mszana.dukla.pl\/index.php?rest_route=%2Fwp%2Fv2%2Fcomments&post=404"}],"version-history":[{"count":4,"href":"https:\/\/mszana.dukla.pl\/index.php?rest_route=\/wp\/v2\/pages\/404\/revisions"}],"predecessor-version":[{"id":411,"href":"https:\/\/mszana.dukla.pl\/index.php?rest_route=\/wp\/v2\/pages\/404\/revisions\/411"}],"wp:attachment":[{"href":"https:\/\/mszana.dukla.pl\/index.php?rest_route=%2Fwp%2Fv2%2Fmedia&parent=404"}],"curies":[{"name":"wp","href":"https:\/\/api.w.org\/{rel}","templated":true}]}}